{"id":80021,"date":"2024-06-26T13:16:14","date_gmt":"2024-06-26T11:16:14","guid":{"rendered":"https:\/\/staging.consileon.de\/ki-workshop-entscheider\/"},"modified":"2025-03-25T11:23:15","modified_gmt":"2025-03-25T09:23:15","slug":"ai-workshop","status":"publish","type":"page","link":"https:\/\/www.consileon.de\/en\/ai-workshop\/","title":{"rendered":"AI Workshop for Decision Makers"},"content":{"rendered":"\n<h2 class=\"wp-block-heading\" id=\"h-\"><\/h2>\n","protected":false},"excerpt":{"rendered":"<p>Entdecken Sie die Potenziale von K\u00fcnstlicher Intelligenz (KI) f\u00fcr Ihr Unternehmen &#8211; Ein Workshop f\u00fcr das Mittlere- und obere Management.<\/p>\n","protected":false},"author":72,"featured_media":75235,"parent":0,"menu_order":0,"comment_status":"closed","ping_status":"closed","template":"page-clean.php","meta":{"_acf_changed":true,"footnotes":""},"class_list":["post-80021","page","type-page","status-publish","has-post-thumbnail","hentry"],"acf":[],"yoast_head":"<!-- This site is optimized with the Yoast SEO Premium plugin v24.5 (Yoast SEO v27.4) - https:\/\/yoast.com\/product\/yoast-seo-premium-wordpress\/ -->\n<title>AI Workshop for Decision Makers | Consileon<\/title>\n<meta name=\"description\" content=\"Discover the potential of artificial intelligence (AI) for your company - a workshop for middle and senior management.\" \/>\n<meta name=\"robots\" content=\"index, follow, max-snippet:-1, max-image-preview:large, max-video-preview:-1\" \/>\n<link rel=\"canonical\" href=\"https:\/\/www.consileon.de\/en\/ai-workshop\/\" \/>\n<meta property=\"og:locale\" content=\"en_US\" \/>\n<meta property=\"og:type\" content=\"article\" \/>\n<meta property=\"og:title\" content=\"AI Workshop for Decision Makers\" \/>\n<meta property=\"og:description\" content=\"Discover the potential of artificial intelligence (AI) for your company - a workshop for middle and senior management.\" \/>\n<meta property=\"og:url\" content=\"https:\/\/www.consileon.de\/en\/ai-workshop\/\" \/>\n<meta property=\"og:site_name\" content=\"Consileon Business Consultancy GmbH | Management- und IT-Beratung\" \/>\n<meta property=\"article:modified_time\" content=\"2025-03-25T09:23:15+00:00\" \/>\n<meta property=\"og:image\" content=\"https:\/\/www.consileon.de\/wp-content\/uploads\/2024\/03\/Brain_Gif.gif\" \/>\n\t<meta property=\"og:image:width\" content=\"853\" \/>\n\t<meta property=\"og:image:height\" content=\"480\" \/>\n\t<meta property=\"og:image:type\" content=\"image\/gif\" \/>\n<meta name=\"twitter:card\" content=\"summary_large_image\" \/>\n<meta name=\"twitter:label1\" content=\"Est. reading time\" \/>\n\t<meta name=\"twitter:data1\" content=\"3 minutes\" \/>\n<script type=\"application\/ld+json\" class=\"yoast-schema-graph\">{\"@context\":\"https:\\\/\\\/schema.org\",\"@graph\":[{\"@type\":\"WebPage\",\"@id\":\"https:\\\/\\\/www.consileon.de\\\/en\\\/ai-workshop\\\/\",\"url\":\"https:\\\/\\\/www.consileon.de\\\/en\\\/ai-workshop\\\/\",\"name\":\"AI Workshop for Decision Makers | Consileon\",\"isPartOf\":{\"@id\":\"https:\\\/\\\/www.consileon.de\\\/#website\"},\"primaryImageOfPage\":{\"@id\":\"https:\\\/\\\/www.consileon.de\\\/en\\\/ai-workshop\\\/#primaryimage\"},\"image\":{\"@id\":\"https:\\\/\\\/www.consileon.de\\\/en\\\/ai-workshop\\\/#primaryimage\"},\"thumbnailUrl\":\"https:\\\/\\\/www.consileon.de\\\/wp-content\\\/uploads\\\/2024\\\/03\\\/Brain_Gif.gif\",\"datePublished\":\"2024-06-26T11:16:14+00:00\",\"dateModified\":\"2025-03-25T09:23:15+00:00\",\"description\":\"Discover the potential of artificial intelligence (AI) for your company - a workshop for middle and senior management.\",\"breadcrumb\":{\"@id\":\"https:\\\/\\\/www.consileon.de\\\/en\\\/ai-workshop\\\/#breadcrumb\"},\"inLanguage\":\"en-US\",\"potentialAction\":[{\"@type\":\"ReadAction\",\"target\":[\"https:\\\/\\\/www.consileon.de\\\/en\\\/ai-workshop\\\/\"]}]},{\"@type\":\"ImageObject\",\"inLanguage\":\"en-US\",\"@id\":\"https:\\\/\\\/www.consileon.de\\\/en\\\/ai-workshop\\\/#primaryimage\",\"url\":\"https:\\\/\\\/www.consileon.de\\\/wp-content\\\/uploads\\\/2024\\\/03\\\/Brain_Gif.gif\",\"contentUrl\":\"https:\\\/\\\/www.consileon.de\\\/wp-content\\\/uploads\\\/2024\\\/03\\\/Brain_Gif.gif\",\"width\":853,\"height\":480},{\"@type\":\"BreadcrumbList\",\"@id\":\"https:\\\/\\\/www.consileon.de\\\/en\\\/ai-workshop\\\/#breadcrumb\",\"itemListElement\":[{\"@type\":\"ListItem\",\"position\":1,\"name\":\"Startseite\",\"item\":\"https:\\\/\\\/www.consileon.de\\\/en\\\/\"},{\"@type\":\"ListItem\",\"position\":2,\"name\":\"AI Workshop for Decision Makers\"}]},{\"@type\":\"WebSite\",\"@id\":\"https:\\\/\\\/www.consileon.de\\\/#website\",\"url\":\"https:\\\/\\\/www.consileon.de\\\/\",\"name\":\"Consileon Business Consultancy GmbH | Management- und IT-Beratung\",\"description\":\"Consileon ist eine Management- und IT-Beratung, die mit rund 450 Mitarbeitern Unternehmen aller Branchen, von lokalen Organisationen bis DAX-Konzernen, ber\u00e4t.\",\"potentialAction\":[{\"@type\":\"SearchAction\",\"target\":{\"@type\":\"EntryPoint\",\"urlTemplate\":\"https:\\\/\\\/www.consileon.de\\\/?s={search_term_string}\"},\"query-input\":{\"@type\":\"PropertyValueSpecification\",\"valueRequired\":true,\"valueName\":\"search_term_string\"}}],\"inLanguage\":\"en-US\"}]}<\/script>\n<!-- \/ Yoast SEO Premium plugin. -->","yoast_head_json":{"title":"AI Workshop for Decision Makers | Consileon","description":"Discover the potential of artificial intelligence (AI) for your company - a workshop for middle and senior management.","robots":{"index":"index","follow":"follow","max-snippet":"max-snippet:-1","max-image-preview":"max-image-preview:large","max-video-preview":"max-video-preview:-1"},"canonical":"https:\/\/www.consileon.de\/en\/ai-workshop\/","og_locale":"en_US","og_type":"article","og_title":"AI Workshop for Decision Makers","og_description":"Discover the potential of artificial intelligence (AI) for your company - a workshop for middle and senior management.","og_url":"https:\/\/www.consileon.de\/en\/ai-workshop\/","og_site_name":"Consileon Business Consultancy GmbH | Management- und IT-Beratung","article_modified_time":"2025-03-25T09:23:15+00:00","og_image":[{"width":853,"height":480,"url":"https:\/\/www.consileon.de\/wp-content\/uploads\/2024\/03\/Brain_Gif.gif","type":"image\/gif"}],"twitter_card":"summary_large_image","twitter_misc":{"Est. reading time":"3 minutes"},"schema":{"@context":"https:\/\/schema.org","@graph":[{"@type":"WebPage","@id":"https:\/\/www.consileon.de\/en\/ai-workshop\/","url":"https:\/\/www.consileon.de\/en\/ai-workshop\/","name":"AI Workshop for Decision Makers | Consileon","isPartOf":{"@id":"https:\/\/www.consileon.de\/#website"},"primaryImageOfPage":{"@id":"https:\/\/www.consileon.de\/en\/ai-workshop\/#primaryimage"},"image":{"@id":"https:\/\/www.consileon.de\/en\/ai-workshop\/#primaryimage"},"thumbnailUrl":"https:\/\/www.consileon.de\/wp-content\/uploads\/2024\/03\/Brain_Gif.gif","datePublished":"2024-06-26T11:16:14+00:00","dateModified":"2025-03-25T09:23:15+00:00","description":"Discover the potential of artificial intelligence (AI) for your company - a workshop for middle and senior management.","breadcrumb":{"@id":"https:\/\/www.consileon.de\/en\/ai-workshop\/#breadcrumb"},"inLanguage":"en-US","potentialAction":[{"@type":"ReadAction","target":["https:\/\/www.consileon.de\/en\/ai-workshop\/"]}]},{"@type":"ImageObject","inLanguage":"en-US","@id":"https:\/\/www.consileon.de\/en\/ai-workshop\/#primaryimage","url":"https:\/\/www.consileon.de\/wp-content\/uploads\/2024\/03\/Brain_Gif.gif","contentUrl":"https:\/\/www.consileon.de\/wp-content\/uploads\/2024\/03\/Brain_Gif.gif","width":853,"height":480},{"@type":"BreadcrumbList","@id":"https:\/\/www.consileon.de\/en\/ai-workshop\/#breadcrumb","itemListElement":[{"@type":"ListItem","position":1,"name":"Startseite","item":"https:\/\/www.consileon.de\/en\/"},{"@type":"ListItem","position":2,"name":"AI Workshop for Decision Makers"}]},{"@type":"WebSite","@id":"https:\/\/www.consileon.de\/#website","url":"https:\/\/www.consileon.de\/","name":"Consileon Business Consultancy GmbH | Management- und IT-Beratung","description":"Consileon ist eine Management- und IT-Beratung, die mit rund 450 Mitarbeitern Unternehmen aller Branchen, von lokalen Organisationen bis DAX-Konzernen, ber\u00e4t.","potentialAction":[{"@type":"SearchAction","target":{"@type":"EntryPoint","urlTemplate":"https:\/\/www.consileon.de\/?s={search_term_string}"},"query-input":{"@type":"PropertyValueSpecification","valueRequired":true,"valueName":"search_term_string"}}],"inLanguage":"en-US"}]}},"_links":{"self":[{"href":"https:\/\/www.consileon.de\/en\/wp-json\/wp\/v2\/pages\/80021","targetHints":{"allow":["GET"]}}],"collection":[{"href":"https:\/\/www.consileon.de\/en\/wp-json\/wp\/v2\/pages"}],"about":[{"href":"https:\/\/www.consileon.de\/en\/wp-json\/wp\/v2\/types\/page"}],"author":[{"embeddable":true,"href":"https:\/\/www.consileon.de\/en\/wp-json\/wp\/v2\/users\/72"}],"replies":[{"embeddable":true,"href":"https:\/\/www.consileon.de\/en\/wp-json\/wp\/v2\/comments?post=80021"}],"version-history":[{"count":25,"href":"https:\/\/www.consileon.de\/en\/wp-json\/wp\/v2\/pages\/80021\/revisions"}],"predecessor-version":[{"id":83323,"href":"https:\/\/www.consileon.de\/en\/wp-json\/wp\/v2\/pages\/80021\/revisions\/83323"}],"wp:featuredmedia":[{"embeddable":true,"href":"https:\/\/www.consileon.de\/en\/wp-json\/wp\/v2\/media\/75235"}],"wp:attachment":[{"href":"https:\/\/www.consileon.de\/en\/wp-json\/wp\/v2\/media?parent=80021"}],"curies":[{"name":"wp","href":"https:\/\/api.w.org\/{rel}","templated":true}]}}