{"id":39517,"date":"2021-09-14T15:47:15","date_gmt":"2021-09-14T15:47:15","guid":{"rendered":"https:\/\/staging.consileon.de\/automotive\/compliance\/"},"modified":"2025-05-23T10:54:53","modified_gmt":"2025-05-23T08:54:53","slug":"compliance","status":"publish","type":"page","link":"https:\/\/www.consileon.de\/en\/automotive\/compliance\/","title":{"rendered":"Compliance"},"content":{"rendered":"","protected":false},"excerpt":{"rendered":"<p>In addition to market and customer demands, compliance requirements for automotive manufacturers are also increasing.<\/p>\n","protected":false},"author":3,"featured_media":83777,"parent":27335,"menu_order":120,"comment_status":"closed","ping_status":"closed","template":"page-clean.php","meta":{"_acf_changed":true,"footnotes":""},"class_list":["post-39517","page","type-page","status-publish","has-post-thumbnail","hentry"],"acf":[],"yoast_head":"<!-- This site is optimized with the Yoast SEO Premium plugin v24.5 (Yoast SEO v27.4) - https:\/\/yoast.com\/product\/yoast-seo-premium-wordpress\/ -->\n<title>Compliance - Everything in the right frame | Consileon<\/title>\n<meta name=\"description\" content=\"In addition to market and customer demands, compliance requirements for automotive manufacturers are also increasing.\" \/>\n<meta name=\"robots\" content=\"index, follow, max-snippet:-1, max-image-preview:large, max-video-preview:-1\" \/>\n<link rel=\"canonical\" href=\"https:\/\/www.consileon.de\/en\/automotive\/compliance\/\" \/>\n<meta property=\"og:locale\" content=\"en_US\" \/>\n<meta property=\"og:type\" content=\"article\" \/>\n<meta property=\"og:title\" content=\"Compliance\" \/>\n<meta property=\"og:description\" content=\"In addition to market and customer demands, compliance requirements for automotive manufacturers are also increasing.\" \/>\n<meta property=\"og:url\" content=\"https:\/\/www.consileon.de\/en\/automotive\/compliance\/\" \/>\n<meta property=\"og:site_name\" content=\"Consileon Business Consultancy GmbH | Management- und IT-Beratung\" \/>\n<meta property=\"article:modified_time\" content=\"2025-05-23T08:54:53+00:00\" \/>\n<meta property=\"og:image\" content=\"https:\/\/www.consileon.de\/wp-content\/uploads\/2025\/04\/Bilder-Automotive-Compliance.png\" \/>\n\t<meta property=\"og:image:width\" content=\"600\" \/>\n\t<meta property=\"og:image:height\" content=\"400\" \/>\n\t<meta property=\"og:image:type\" content=\"image\/png\" \/>\n<meta name=\"twitter:card\" content=\"summary_large_image\" \/>\n<meta name=\"twitter:label1\" content=\"Est. reading time\" \/>\n\t<meta name=\"twitter:data1\" content=\"9 minutes\" \/>\n<script type=\"application\/ld+json\" class=\"yoast-schema-graph\">{\"@context\":\"https:\\\/\\\/schema.org\",\"@graph\":[{\"@type\":\"WebPage\",\"@id\":\"https:\\\/\\\/www.consileon.de\\\/en\\\/automotive\\\/compliance\\\/\",\"url\":\"https:\\\/\\\/www.consileon.de\\\/en\\\/automotive\\\/compliance\\\/\",\"name\":\"Compliance - Everything in the right frame | Consileon\",\"isPartOf\":{\"@id\":\"https:\\\/\\\/www.consileon.de\\\/#website\"},\"primaryImageOfPage\":{\"@id\":\"https:\\\/\\\/www.consileon.de\\\/en\\\/automotive\\\/compliance\\\/#primaryimage\"},\"image\":{\"@id\":\"https:\\\/\\\/www.consileon.de\\\/en\\\/automotive\\\/compliance\\\/#primaryimage\"},\"thumbnailUrl\":\"https:\\\/\\\/www.consileon.de\\\/wp-content\\\/uploads\\\/2025\\\/04\\\/Bilder-Automotive-Compliance.png\",\"datePublished\":\"2021-09-14T15:47:15+00:00\",\"dateModified\":\"2025-05-23T08:54:53+00:00\",\"description\":\"In addition to market and customer demands, compliance requirements for automotive manufacturers are also increasing.\",\"breadcrumb\":{\"@id\":\"https:\\\/\\\/www.consileon.de\\\/en\\\/automotive\\\/compliance\\\/#breadcrumb\"},\"inLanguage\":\"en-US\",\"potentialAction\":[{\"@type\":\"ReadAction\",\"target\":[\"https:\\\/\\\/www.consileon.de\\\/en\\\/automotive\\\/compliance\\\/\"]}]},{\"@type\":\"ImageObject\",\"inLanguage\":\"en-US\",\"@id\":\"https:\\\/\\\/www.consileon.de\\\/en\\\/automotive\\\/compliance\\\/#primaryimage\",\"url\":\"https:\\\/\\\/www.consileon.de\\\/wp-content\\\/uploads\\\/2025\\\/04\\\/Bilder-Automotive-Compliance.png\",\"contentUrl\":\"https:\\\/\\\/www.consileon.de\\\/wp-content\\\/uploads\\\/2025\\\/04\\\/Bilder-Automotive-Compliance.png\",\"width\":600,\"height\":400,\"caption\":\"Eine Person arbeitet konzentriert am Laptop, begleitet von digitalen Pr\u00fcf- und Dokumentensymbolen, symbolisch f\u00fcr Qualit\u00e4t und Compliance\"},{\"@type\":\"BreadcrumbList\",\"@id\":\"https:\\\/\\\/www.consileon.de\\\/en\\\/automotive\\\/compliance\\\/#breadcrumb\",\"itemListElement\":[{\"@type\":\"ListItem\",\"position\":1,\"name\":\"Startseite\",\"item\":\"https:\\\/\\\/www.consileon.de\\\/en\\\/\"},{\"@type\":\"ListItem\",\"position\":2,\"name\":\"Automotive\",\"item\":\"https:\\\/\\\/www.consileon.de\\\/en\\\/automotive\\\/\"},{\"@type\":\"ListItem\",\"position\":3,\"name\":\"Compliance\"}]},{\"@type\":\"WebSite\",\"@id\":\"https:\\\/\\\/www.consileon.de\\\/#website\",\"url\":\"https:\\\/\\\/www.consileon.de\\\/\",\"name\":\"Consileon Business Consultancy GmbH | Management- und IT-Beratung\",\"description\":\"Consileon ist eine Management- und IT-Beratung, die mit rund 450 Mitarbeitern Unternehmen aller Branchen, von lokalen Organisationen bis DAX-Konzernen, ber\u00e4t.\",\"potentialAction\":[{\"@type\":\"SearchAction\",\"target\":{\"@type\":\"EntryPoint\",\"urlTemplate\":\"https:\\\/\\\/www.consileon.de\\\/?s={search_term_string}\"},\"query-input\":{\"@type\":\"PropertyValueSpecification\",\"valueRequired\":true,\"valueName\":\"search_term_string\"}}],\"inLanguage\":\"en-US\"}]}<\/script>\n<!-- \/ Yoast SEO Premium plugin. -->","yoast_head_json":{"title":"Compliance - Everything in the right frame | Consileon","description":"In addition to market and customer demands, compliance requirements for automotive manufacturers are also increasing.","robots":{"index":"index","follow":"follow","max-snippet":"max-snippet:-1","max-image-preview":"max-image-preview:large","max-video-preview":"max-video-preview:-1"},"canonical":"https:\/\/www.consileon.de\/en\/automotive\/compliance\/","og_locale":"en_US","og_type":"article","og_title":"Compliance","og_description":"In addition to market and customer demands, compliance requirements for automotive manufacturers are also increasing.","og_url":"https:\/\/www.consileon.de\/en\/automotive\/compliance\/","og_site_name":"Consileon Business Consultancy GmbH | Management- und IT-Beratung","article_modified_time":"2025-05-23T08:54:53+00:00","og_image":[{"width":600,"height":400,"url":"https:\/\/www.consileon.de\/wp-content\/uploads\/2025\/04\/Bilder-Automotive-Compliance.png","type":"image\/png"}],"twitter_card":"summary_large_image","twitter_misc":{"Est. reading time":"9 minutes"},"schema":{"@context":"https:\/\/schema.org","@graph":[{"@type":"WebPage","@id":"https:\/\/www.consileon.de\/en\/automotive\/compliance\/","url":"https:\/\/www.consileon.de\/en\/automotive\/compliance\/","name":"Compliance - Everything in the right frame | Consileon","isPartOf":{"@id":"https:\/\/www.consileon.de\/#website"},"primaryImageOfPage":{"@id":"https:\/\/www.consileon.de\/en\/automotive\/compliance\/#primaryimage"},"image":{"@id":"https:\/\/www.consileon.de\/en\/automotive\/compliance\/#primaryimage"},"thumbnailUrl":"https:\/\/www.consileon.de\/wp-content\/uploads\/2025\/04\/Bilder-Automotive-Compliance.png","datePublished":"2021-09-14T15:47:15+00:00","dateModified":"2025-05-23T08:54:53+00:00","description":"In addition to market and customer demands, compliance requirements for automotive manufacturers are also increasing.","breadcrumb":{"@id":"https:\/\/www.consileon.de\/en\/automotive\/compliance\/#breadcrumb"},"inLanguage":"en-US","potentialAction":[{"@type":"ReadAction","target":["https:\/\/www.consileon.de\/en\/automotive\/compliance\/"]}]},{"@type":"ImageObject","inLanguage":"en-US","@id":"https:\/\/www.consileon.de\/en\/automotive\/compliance\/#primaryimage","url":"https:\/\/www.consileon.de\/wp-content\/uploads\/2025\/04\/Bilder-Automotive-Compliance.png","contentUrl":"https:\/\/www.consileon.de\/wp-content\/uploads\/2025\/04\/Bilder-Automotive-Compliance.png","width":600,"height":400,"caption":"Eine Person arbeitet konzentriert am Laptop, begleitet von digitalen Pr\u00fcf- und Dokumentensymbolen, symbolisch f\u00fcr Qualit\u00e4t und Compliance"},{"@type":"BreadcrumbList","@id":"https:\/\/www.consileon.de\/en\/automotive\/compliance\/#breadcrumb","itemListElement":[{"@type":"ListItem","position":1,"name":"Startseite","item":"https:\/\/www.consileon.de\/en\/"},{"@type":"ListItem","position":2,"name":"Automotive","item":"https:\/\/www.consileon.de\/en\/automotive\/"},{"@type":"ListItem","position":3,"name":"Compliance"}]},{"@type":"WebSite","@id":"https:\/\/www.consileon.de\/#website","url":"https:\/\/www.consileon.de\/","name":"Consileon Business Consultancy GmbH | Management- und IT-Beratung","description":"Consileon ist eine Management- und IT-Beratung, die mit rund 450 Mitarbeitern Unternehmen aller Branchen, von lokalen Organisationen bis DAX-Konzernen, ber\u00e4t.","potentialAction":[{"@type":"SearchAction","target":{"@type":"EntryPoint","urlTemplate":"https:\/\/www.consileon.de\/?s={search_term_string}"},"query-input":{"@type":"PropertyValueSpecification","valueRequired":true,"valueName":"search_term_string"}}],"inLanguage":"en-US"}]}},"_links":{"self":[{"href":"https:\/\/www.consileon.de\/en\/wp-json\/wp\/v2\/pages\/39517","targetHints":{"allow":["GET"]}}],"collection":[{"href":"https:\/\/www.consileon.de\/en\/wp-json\/wp\/v2\/pages"}],"about":[{"href":"https:\/\/www.consileon.de\/en\/wp-json\/wp\/v2\/types\/page"}],"author":[{"embeddable":true,"href":"https:\/\/www.consileon.de\/en\/wp-json\/wp\/v2\/users\/3"}],"replies":[{"embeddable":true,"href":"https:\/\/www.consileon.de\/en\/wp-json\/wp\/v2\/comments?post=39517"}],"version-history":[{"count":18,"href":"https:\/\/www.consileon.de\/en\/wp-json\/wp\/v2\/pages\/39517\/revisions"}],"predecessor-version":[{"id":86451,"href":"https:\/\/www.consileon.de\/en\/wp-json\/wp\/v2\/pages\/39517\/revisions\/86451"}],"up":[{"embeddable":true,"href":"https:\/\/www.consileon.de\/en\/wp-json\/wp\/v2\/pages\/27335"}],"wp:featuredmedia":[{"embeddable":true,"href":"https:\/\/www.consileon.de\/en\/wp-json\/wp\/v2\/media\/83777"}],"wp:attachment":[{"href":"https:\/\/www.consileon.de\/en\/wp-json\/wp\/v2\/media?parent=39517"}],"curies":[{"name":"wp","href":"https:\/\/api.w.org\/{rel}","templated":true}]}}