{"id":36002,"date":"2021-10-26T15:49:43","date_gmt":"2021-10-26T15:49:43","guid":{"rendered":"https:\/\/staging.consileon.de\/consileon-business-case-calculator\/"},"modified":"2025-03-14T15:34:20","modified_gmt":"2025-03-14T13:34:20","slug":"consileon-business-case-calculator","status":"publish","type":"page","link":"https:\/\/www.consileon.de\/en\/consileon-business-case-calculator\/","title":{"rendered":"Consileon Business Case Calculator"},"content":{"rendered":"","protected":false},"excerpt":{"rendered":"<p>Wie w\u00e4re es, wenn Sie den Erfolg Ihres neuen Unternehmens schon heute untersuchen k\u00f6nnten? Unser Consileon Business Case Calculator erm\u00f6glicht Ihnen dies!<\/p>\n","protected":false},"author":3,"featured_media":31738,"parent":0,"menu_order":33,"comment_status":"closed","ping_status":"closed","template":"page-clean.php","meta":{"_acf_changed":true,"footnotes":""},"class_list":["post-36002","page","type-page","status-publish","has-post-thumbnail","hentry"],"acf":[],"yoast_head":"<!-- This site is optimized with the Yoast SEO Premium plugin v24.5 (Yoast SEO v27.4) - https:\/\/yoast.com\/product\/yoast-seo-premium-wordpress\/ -->\n<title>Business Case Calculator - Evaluate key figures | Consileon<\/title>\n<meta name=\"description\" content=\"You want to evaluate the success of your new company with the help of business case key figures? Our calculator allows you to do so!\" \/>\n<meta name=\"robots\" content=\"index, follow, max-snippet:-1, max-image-preview:large, max-video-preview:-1\" \/>\n<link rel=\"canonical\" href=\"https:\/\/www.consileon.de\/en\/consileon-business-case-calculator\/\" \/>\n<meta property=\"og:locale\" content=\"en_US\" \/>\n<meta property=\"og:type\" content=\"article\" \/>\n<meta property=\"og:title\" content=\"Consileon Business Case Calculator\" \/>\n<meta property=\"og:description\" content=\"You want to evaluate the success of your new company with the help of business case key figures? Our calculator allows you to do so!\" \/>\n<meta property=\"og:url\" content=\"https:\/\/www.consileon.de\/en\/consileon-business-case-calculator\/\" \/>\n<meta property=\"og:site_name\" content=\"Consileon Business Consultancy GmbH | Management- und IT-Beratung\" \/>\n<meta property=\"article:modified_time\" content=\"2025-03-14T13:34:20+00:00\" \/>\n<meta property=\"og:image\" content=\"https:\/\/www.consileon.de\/wp-content\/uploads\/2021\/10\/AdobeStock_103886684_Preview.jpeg\" \/>\n\t<meta property=\"og:image:width\" content=\"1000\" \/>\n\t<meta property=\"og:image:height\" content=\"638\" \/>\n\t<meta property=\"og:image:type\" content=\"image\/jpeg\" \/>\n<meta name=\"twitter:card\" content=\"summary_large_image\" \/>\n<meta name=\"twitter:label1\" content=\"Est. reading time\" \/>\n\t<meta name=\"twitter:data1\" content=\"3 minutes\" \/>\n<script type=\"application\/ld+json\" class=\"yoast-schema-graph\">{\"@context\":\"https:\\\/\\\/schema.org\",\"@graph\":[{\"@type\":\"WebPage\",\"@id\":\"https:\\\/\\\/www.consileon.de\\\/en\\\/consileon-business-case-calculator\\\/\",\"url\":\"https:\\\/\\\/www.consileon.de\\\/en\\\/consileon-business-case-calculator\\\/\",\"name\":\"Business Case Calculator - Evaluate key figures | Consileon\",\"isPartOf\":{\"@id\":\"https:\\\/\\\/www.consileon.de\\\/#website\"},\"primaryImageOfPage\":{\"@id\":\"https:\\\/\\\/www.consileon.de\\\/en\\\/consileon-business-case-calculator\\\/#primaryimage\"},\"image\":{\"@id\":\"https:\\\/\\\/www.consileon.de\\\/en\\\/consileon-business-case-calculator\\\/#primaryimage\"},\"thumbnailUrl\":\"https:\\\/\\\/www.consileon.de\\\/wp-content\\\/uploads\\\/2021\\\/10\\\/AdobeStock_103886684_Preview.jpeg\",\"datePublished\":\"2021-10-26T15:49:43+00:00\",\"dateModified\":\"2025-03-14T13:34:20+00:00\",\"description\":\"You want to evaluate the success of your new company with the help of business case key figures? Our calculator allows you to do so!\",\"breadcrumb\":{\"@id\":\"https:\\\/\\\/www.consileon.de\\\/en\\\/consileon-business-case-calculator\\\/#breadcrumb\"},\"inLanguage\":\"en-US\",\"potentialAction\":[{\"@type\":\"ReadAction\",\"target\":[\"https:\\\/\\\/www.consileon.de\\\/en\\\/consileon-business-case-calculator\\\/\"]}]},{\"@type\":\"ImageObject\",\"inLanguage\":\"en-US\",\"@id\":\"https:\\\/\\\/www.consileon.de\\\/en\\\/consileon-business-case-calculator\\\/#primaryimage\",\"url\":\"https:\\\/\\\/www.consileon.de\\\/wp-content\\\/uploads\\\/2021\\\/10\\\/AdobeStock_103886684_Preview.jpeg\",\"contentUrl\":\"https:\\\/\\\/www.consileon.de\\\/wp-content\\\/uploads\\\/2021\\\/10\\\/AdobeStock_103886684_Preview.jpeg\",\"width\":1000,\"height\":638},{\"@type\":\"BreadcrumbList\",\"@id\":\"https:\\\/\\\/www.consileon.de\\\/en\\\/consileon-business-case-calculator\\\/#breadcrumb\",\"itemListElement\":[{\"@type\":\"ListItem\",\"position\":1,\"name\":\"Startseite\",\"item\":\"https:\\\/\\\/www.consileon.de\\\/en\\\/\"},{\"@type\":\"ListItem\",\"position\":2,\"name\":\"Consileon Business Case Calculator\"}]},{\"@type\":\"WebSite\",\"@id\":\"https:\\\/\\\/www.consileon.de\\\/#website\",\"url\":\"https:\\\/\\\/www.consileon.de\\\/\",\"name\":\"Consileon Business Consultancy GmbH | Management- und IT-Beratung\",\"description\":\"Consileon ist eine Management- und IT-Beratung, die mit rund 450 Mitarbeitern Unternehmen aller Branchen, von lokalen Organisationen bis DAX-Konzernen, ber\u00e4t.\",\"potentialAction\":[{\"@type\":\"SearchAction\",\"target\":{\"@type\":\"EntryPoint\",\"urlTemplate\":\"https:\\\/\\\/www.consileon.de\\\/?s={search_term_string}\"},\"query-input\":{\"@type\":\"PropertyValueSpecification\",\"valueRequired\":true,\"valueName\":\"search_term_string\"}}],\"inLanguage\":\"en-US\"}]}<\/script>\n<!-- \/ Yoast SEO Premium plugin. -->","yoast_head_json":{"title":"Business Case Calculator - Evaluate key figures | Consileon","description":"You want to evaluate the success of your new company with the help of business case key figures? Our calculator allows you to do so!","robots":{"index":"index","follow":"follow","max-snippet":"max-snippet:-1","max-image-preview":"max-image-preview:large","max-video-preview":"max-video-preview:-1"},"canonical":"https:\/\/www.consileon.de\/en\/consileon-business-case-calculator\/","og_locale":"en_US","og_type":"article","og_title":"Consileon Business Case Calculator","og_description":"You want to evaluate the success of your new company with the help of business case key figures? Our calculator allows you to do so!","og_url":"https:\/\/www.consileon.de\/en\/consileon-business-case-calculator\/","og_site_name":"Consileon Business Consultancy GmbH | Management- und IT-Beratung","article_modified_time":"2025-03-14T13:34:20+00:00","og_image":[{"width":1000,"height":638,"url":"https:\/\/www.consileon.de\/wp-content\/uploads\/2021\/10\/AdobeStock_103886684_Preview.jpeg","type":"image\/jpeg"}],"twitter_card":"summary_large_image","twitter_misc":{"Est. reading time":"3 minutes"},"schema":{"@context":"https:\/\/schema.org","@graph":[{"@type":"WebPage","@id":"https:\/\/www.consileon.de\/en\/consileon-business-case-calculator\/","url":"https:\/\/www.consileon.de\/en\/consileon-business-case-calculator\/","name":"Business Case Calculator - Evaluate key figures | Consileon","isPartOf":{"@id":"https:\/\/www.consileon.de\/#website"},"primaryImageOfPage":{"@id":"https:\/\/www.consileon.de\/en\/consileon-business-case-calculator\/#primaryimage"},"image":{"@id":"https:\/\/www.consileon.de\/en\/consileon-business-case-calculator\/#primaryimage"},"thumbnailUrl":"https:\/\/www.consileon.de\/wp-content\/uploads\/2021\/10\/AdobeStock_103886684_Preview.jpeg","datePublished":"2021-10-26T15:49:43+00:00","dateModified":"2025-03-14T13:34:20+00:00","description":"You want to evaluate the success of your new company with the help of business case key figures? Our calculator allows you to do so!","breadcrumb":{"@id":"https:\/\/www.consileon.de\/en\/consileon-business-case-calculator\/#breadcrumb"},"inLanguage":"en-US","potentialAction":[{"@type":"ReadAction","target":["https:\/\/www.consileon.de\/en\/consileon-business-case-calculator\/"]}]},{"@type":"ImageObject","inLanguage":"en-US","@id":"https:\/\/www.consileon.de\/en\/consileon-business-case-calculator\/#primaryimage","url":"https:\/\/www.consileon.de\/wp-content\/uploads\/2021\/10\/AdobeStock_103886684_Preview.jpeg","contentUrl":"https:\/\/www.consileon.de\/wp-content\/uploads\/2021\/10\/AdobeStock_103886684_Preview.jpeg","width":1000,"height":638},{"@type":"BreadcrumbList","@id":"https:\/\/www.consileon.de\/en\/consileon-business-case-calculator\/#breadcrumb","itemListElement":[{"@type":"ListItem","position":1,"name":"Startseite","item":"https:\/\/www.consileon.de\/en\/"},{"@type":"ListItem","position":2,"name":"Consileon Business Case Calculator"}]},{"@type":"WebSite","@id":"https:\/\/www.consileon.de\/#website","url":"https:\/\/www.consileon.de\/","name":"Consileon Business Consultancy GmbH | Management- und IT-Beratung","description":"Consileon ist eine Management- und IT-Beratung, die mit rund 450 Mitarbeitern Unternehmen aller Branchen, von lokalen Organisationen bis DAX-Konzernen, ber\u00e4t.","potentialAction":[{"@type":"SearchAction","target":{"@type":"EntryPoint","urlTemplate":"https:\/\/www.consileon.de\/?s={search_term_string}"},"query-input":{"@type":"PropertyValueSpecification","valueRequired":true,"valueName":"search_term_string"}}],"inLanguage":"en-US"}]}},"_links":{"self":[{"href":"https:\/\/www.consileon.de\/en\/wp-json\/wp\/v2\/pages\/36002","targetHints":{"allow":["GET"]}}],"collection":[{"href":"https:\/\/www.consileon.de\/en\/wp-json\/wp\/v2\/pages"}],"about":[{"href":"https:\/\/www.consileon.de\/en\/wp-json\/wp\/v2\/types\/page"}],"author":[{"embeddable":true,"href":"https:\/\/www.consileon.de\/en\/wp-json\/wp\/v2\/users\/3"}],"replies":[{"embeddable":true,"href":"https:\/\/www.consileon.de\/en\/wp-json\/wp\/v2\/comments?post=36002"}],"version-history":[{"count":2,"href":"https:\/\/www.consileon.de\/en\/wp-json\/wp\/v2\/pages\/36002\/revisions"}],"predecessor-version":[{"id":83200,"href":"https:\/\/www.consileon.de\/en\/wp-json\/wp\/v2\/pages\/36002\/revisions\/83200"}],"wp:featuredmedia":[{"embeddable":true,"href":"https:\/\/www.consileon.de\/en\/wp-json\/wp\/v2\/media\/31738"}],"wp:attachment":[{"href":"https:\/\/www.consileon.de\/en\/wp-json\/wp\/v2\/media?parent=36002"}],"curies":[{"name":"wp","href":"https:\/\/api.w.org\/{rel}","templated":true}]}}