{"id":35236,"date":"2019-09-10T08:37:57","date_gmt":"2019-09-10T08:37:57","guid":{"rendered":"https:\/\/staging.consileon.de\/meilensteine\/"},"modified":"2022-03-08T11:05:08","modified_gmt":"2022-03-08T11:05:08","slug":"milestones","status":"publish","type":"page","link":"https:\/\/www.consileon.de\/en\/milestones\/","title":{"rendered":"Milestones"},"content":{"rendered":"","protected":false},"excerpt":{"rendered":"<p>Here we present some important milestones in our company history. <\/p>\n","protected":false},"author":3,"featured_media":2858,"parent":0,"menu_order":210,"comment_status":"closed","ping_status":"closed","template":"page-clean.php","meta":{"_acf_changed":false,"footnotes":""},"class_list":["post-35236","page","type-page","status-publish","has-post-thumbnail","hentry"],"acf":[],"yoast_head":"<!-- This site is optimized with the Yoast SEO Premium plugin v24.5 (Yoast SEO v27.3) - https:\/\/yoast.com\/product\/yoast-seo-premium-wordpress\/ -->\n<title>Milestones | This is how Consileon has developed<\/title>\n<meta name=\"robots\" content=\"index, follow, max-snippet:-1, max-image-preview:large, max-video-preview:-1\" \/>\n<link rel=\"canonical\" href=\"https:\/\/www.consileon.de\/en\/milestones\/\" \/>\n<meta property=\"og:locale\" content=\"en_US\" \/>\n<meta property=\"og:type\" content=\"article\" \/>\n<meta property=\"og:title\" content=\"Milestones\" \/>\n<meta property=\"og:description\" content=\"Here we present some important milestones in our company history.\" \/>\n<meta property=\"og:url\" content=\"https:\/\/www.consileon.de\/en\/milestones\/\" \/>\n<meta property=\"og:site_name\" content=\"Consileon Business Consultancy GmbH | Management- und IT-Beratung\" \/>\n<meta property=\"article:modified_time\" content=\"2022-03-08T11:05:08+00:00\" \/>\n<meta property=\"og:image\" content=\"https:\/\/www.consileon.de\/wp-content\/uploads\/2020\/01\/CONSILEON_2019_11_08_Bef_009.jpg\" \/>\n\t<meta property=\"og:image:width\" content=\"1920\" \/>\n\t<meta property=\"og:image:height\" content=\"1280\" \/>\n\t<meta property=\"og:image:type\" content=\"image\/jpeg\" \/>\n<meta name=\"twitter:card\" content=\"summary_large_image\" \/>\n<script type=\"application\/ld+json\" class=\"yoast-schema-graph\">{\"@context\":\"https:\\\/\\\/schema.org\",\"@graph\":[{\"@type\":\"WebPage\",\"@id\":\"https:\\\/\\\/www.consileon.de\\\/en\\\/milestones\\\/\",\"url\":\"https:\\\/\\\/www.consileon.de\\\/en\\\/milestones\\\/\",\"name\":\"Milestones | This is how Consileon has developed\",\"isPartOf\":{\"@id\":\"https:\\\/\\\/www.consileon.de\\\/#website\"},\"primaryImageOfPage\":{\"@id\":\"https:\\\/\\\/www.consileon.de\\\/en\\\/milestones\\\/#primaryimage\"},\"image\":{\"@id\":\"https:\\\/\\\/www.consileon.de\\\/en\\\/milestones\\\/#primaryimage\"},\"thumbnailUrl\":\"https:\\\/\\\/www.consileon.de\\\/wp-content\\\/uploads\\\/2020\\\/01\\\/CONSILEON_2019_11_08_Bef_009.jpg\",\"datePublished\":\"2019-09-10T08:37:57+00:00\",\"dateModified\":\"2022-03-08T11:05:08+00:00\",\"breadcrumb\":{\"@id\":\"https:\\\/\\\/www.consileon.de\\\/en\\\/milestones\\\/#breadcrumb\"},\"inLanguage\":\"en-US\",\"potentialAction\":[{\"@type\":\"ReadAction\",\"target\":[\"https:\\\/\\\/www.consileon.de\\\/en\\\/milestones\\\/\"]}]},{\"@type\":\"ImageObject\",\"inLanguage\":\"en-US\",\"@id\":\"https:\\\/\\\/www.consileon.de\\\/en\\\/milestones\\\/#primaryimage\",\"url\":\"https:\\\/\\\/www.consileon.de\\\/wp-content\\\/uploads\\\/2020\\\/01\\\/CONSILEON_2019_11_08_Bef_009.jpg\",\"contentUrl\":\"https:\\\/\\\/www.consileon.de\\\/wp-content\\\/uploads\\\/2020\\\/01\\\/CONSILEON_2019_11_08_Bef_009.jpg\",\"width\":1920,\"height\":1280,\"caption\":\"Dr. J\u00f6rg Schl\u00f6sser h\u00e4lt eine Rede\"},{\"@type\":\"BreadcrumbList\",\"@id\":\"https:\\\/\\\/www.consileon.de\\\/en\\\/milestones\\\/#breadcrumb\",\"itemListElement\":[{\"@type\":\"ListItem\",\"position\":1,\"name\":\"Startseite\",\"item\":\"https:\\\/\\\/www.consileon.de\\\/en\\\/\"},{\"@type\":\"ListItem\",\"position\":2,\"name\":\"Milestones\"}]},{\"@type\":\"WebSite\",\"@id\":\"https:\\\/\\\/www.consileon.de\\\/#website\",\"url\":\"https:\\\/\\\/www.consileon.de\\\/\",\"name\":\"Consileon Business Consultancy GmbH | Management- und IT-Beratung\",\"description\":\"Consileon ist eine Management- und IT-Beratung, die mit rund 450 Mitarbeitern Unternehmen aller Branchen, von lokalen Organisationen bis DAX-Konzernen, ber\u00e4t.\",\"potentialAction\":[{\"@type\":\"SearchAction\",\"target\":{\"@type\":\"EntryPoint\",\"urlTemplate\":\"https:\\\/\\\/www.consileon.de\\\/?s={search_term_string}\"},\"query-input\":{\"@type\":\"PropertyValueSpecification\",\"valueRequired\":true,\"valueName\":\"search_term_string\"}}],\"inLanguage\":\"en-US\"}]}<\/script>\n<!-- \/ Yoast SEO Premium plugin. -->","yoast_head_json":{"title":"Milestones | This is how Consileon has developed","robots":{"index":"index","follow":"follow","max-snippet":"max-snippet:-1","max-image-preview":"max-image-preview:large","max-video-preview":"max-video-preview:-1"},"canonical":"https:\/\/www.consileon.de\/en\/milestones\/","og_locale":"en_US","og_type":"article","og_title":"Milestones","og_description":"Here we present some important milestones in our company history.","og_url":"https:\/\/www.consileon.de\/en\/milestones\/","og_site_name":"Consileon Business Consultancy GmbH | Management- und IT-Beratung","article_modified_time":"2022-03-08T11:05:08+00:00","og_image":[{"width":1920,"height":1280,"url":"https:\/\/www.consileon.de\/wp-content\/uploads\/2020\/01\/CONSILEON_2019_11_08_Bef_009.jpg","type":"image\/jpeg"}],"twitter_card":"summary_large_image","schema":{"@context":"https:\/\/schema.org","@graph":[{"@type":"WebPage","@id":"https:\/\/www.consileon.de\/en\/milestones\/","url":"https:\/\/www.consileon.de\/en\/milestones\/","name":"Milestones | This is how Consileon has developed","isPartOf":{"@id":"https:\/\/www.consileon.de\/#website"},"primaryImageOfPage":{"@id":"https:\/\/www.consileon.de\/en\/milestones\/#primaryimage"},"image":{"@id":"https:\/\/www.consileon.de\/en\/milestones\/#primaryimage"},"thumbnailUrl":"https:\/\/www.consileon.de\/wp-content\/uploads\/2020\/01\/CONSILEON_2019_11_08_Bef_009.jpg","datePublished":"2019-09-10T08:37:57+00:00","dateModified":"2022-03-08T11:05:08+00:00","breadcrumb":{"@id":"https:\/\/www.consileon.de\/en\/milestones\/#breadcrumb"},"inLanguage":"en-US","potentialAction":[{"@type":"ReadAction","target":["https:\/\/www.consileon.de\/en\/milestones\/"]}]},{"@type":"ImageObject","inLanguage":"en-US","@id":"https:\/\/www.consileon.de\/en\/milestones\/#primaryimage","url":"https:\/\/www.consileon.de\/wp-content\/uploads\/2020\/01\/CONSILEON_2019_11_08_Bef_009.jpg","contentUrl":"https:\/\/www.consileon.de\/wp-content\/uploads\/2020\/01\/CONSILEON_2019_11_08_Bef_009.jpg","width":1920,"height":1280,"caption":"Dr. J\u00f6rg Schl\u00f6sser h\u00e4lt eine Rede"},{"@type":"BreadcrumbList","@id":"https:\/\/www.consileon.de\/en\/milestones\/#breadcrumb","itemListElement":[{"@type":"ListItem","position":1,"name":"Startseite","item":"https:\/\/www.consileon.de\/en\/"},{"@type":"ListItem","position":2,"name":"Milestones"}]},{"@type":"WebSite","@id":"https:\/\/www.consileon.de\/#website","url":"https:\/\/www.consileon.de\/","name":"Consileon Business Consultancy GmbH | Management- und IT-Beratung","description":"Consileon ist eine Management- und IT-Beratung, die mit rund 450 Mitarbeitern Unternehmen aller Branchen, von lokalen Organisationen bis DAX-Konzernen, ber\u00e4t.","potentialAction":[{"@type":"SearchAction","target":{"@type":"EntryPoint","urlTemplate":"https:\/\/www.consileon.de\/?s={search_term_string}"},"query-input":{"@type":"PropertyValueSpecification","valueRequired":true,"valueName":"search_term_string"}}],"inLanguage":"en-US"}]}},"_links":{"self":[{"href":"https:\/\/www.consileon.de\/en\/wp-json\/wp\/v2\/pages\/35236","targetHints":{"allow":["GET"]}}],"collection":[{"href":"https:\/\/www.consileon.de\/en\/wp-json\/wp\/v2\/pages"}],"about":[{"href":"https:\/\/www.consileon.de\/en\/wp-json\/wp\/v2\/types\/page"}],"author":[{"embeddable":true,"href":"https:\/\/www.consileon.de\/en\/wp-json\/wp\/v2\/users\/3"}],"replies":[{"embeddable":true,"href":"https:\/\/www.consileon.de\/en\/wp-json\/wp\/v2\/comments?post=35236"}],"version-history":[{"count":0,"href":"https:\/\/www.consileon.de\/en\/wp-json\/wp\/v2\/pages\/35236\/revisions"}],"wp:featuredmedia":[{"embeddable":true,"href":"https:\/\/www.consileon.de\/en\/wp-json\/wp\/v2\/media\/2858"}],"wp:attachment":[{"href":"https:\/\/www.consileon.de\/en\/wp-json\/wp\/v2\/media?parent=35236"}],"curies":[{"name":"wp","href":"https:\/\/api.w.org\/{rel}","templated":true}]}}