{"id":34236,"date":"2019-10-31T09:27:59","date_gmt":"2019-10-31T09:27:59","guid":{"rendered":"https:\/\/staging.consileon.de\/cyber-security\/"},"modified":"2026-02-18T13:28:37","modified_gmt":"2026-02-18T11:28:37","slug":"cybersecurity","status":"publish","type":"page","link":"https:\/\/www.consileon.de\/en\/cybersecurity\/","title":{"rendered":"Cybersecurity"},"content":{"rendered":"","protected":false},"excerpt":{"rendered":"<p>Cybersecurity is business-critical.<br \/>\nConsileon provides comprehensive IT security consulting, protects your data, and supports you from initial analysis through to potential certification\u2014covering technical, organizational, and human dimensions.<\/p>\n","protected":false},"author":3,"featured_media":87426,"parent":0,"menu_order":171,"comment_status":"closed","ping_status":"closed","template":"page-clean.php","meta":{"_acf_changed":true,"footnotes":""},"class_list":["post-34236","page","type-page","status-publish","has-post-thumbnail","hentry"],"acf":[],"yoast_head":"<!-- This site is optimized with the Yoast SEO Premium plugin v24.5 (Yoast SEO v27.4) - https:\/\/yoast.com\/product\/yoast-seo-premium-wordpress\/ -->\n<title>Cybersecurity Strategy and Consulting<\/title>\n<meta name=\"description\" content=\"Cybersecurity is business-critical. Consileon provides holistic IT security consulting, protects your data, and supports you from the initial analysis through to potential certification \u2013 on technical, organizational, and human levels.\" \/>\n<meta name=\"robots\" content=\"index, follow, max-snippet:-1, max-image-preview:large, max-video-preview:-1\" \/>\n<link rel=\"canonical\" href=\"https:\/\/www.consileon.de\/en\/cybersecurity\/\" \/>\n<meta property=\"og:locale\" content=\"en_US\" \/>\n<meta property=\"og:type\" content=\"article\" \/>\n<meta property=\"og:title\" content=\"Cybersecurity\" \/>\n<meta property=\"og:description\" content=\"Cybersecurity is business-critical. Consileon provides holistic IT security consulting, protects your data, and supports you from the initial analysis through to potential certification \u2013 on technical, organizational, and human levels.\" \/>\n<meta property=\"og:url\" content=\"https:\/\/www.consileon.de\/en\/cybersecurity\/\" \/>\n<meta property=\"og:site_name\" content=\"Consileon Business Consultancy GmbH | Management- und IT-Beratung\" \/>\n<meta property=\"article:modified_time\" content=\"2026-02-18T11:28:37+00:00\" \/>\n<meta property=\"og:image\" content=\"https:\/\/www.consileon.de\/wp-content\/uploads\/2025\/06\/Consileon-Cybersecurity.png\" \/>\n\t<meta property=\"og:image:width\" content=\"1460\" \/>\n\t<meta property=\"og:image:height\" content=\"600\" \/>\n\t<meta property=\"og:image:type\" content=\"image\/png\" \/>\n<meta name=\"twitter:card\" content=\"summary_large_image\" \/>\n<meta name=\"twitter:label1\" content=\"Est. reading time\" \/>\n\t<meta name=\"twitter:data1\" content=\"18 minutes\" \/>\n<script type=\"application\/ld+json\" class=\"yoast-schema-graph\">{\"@context\":\"https:\\\/\\\/schema.org\",\"@graph\":[{\"@type\":\"WebPage\",\"@id\":\"https:\\\/\\\/www.consileon.de\\\/en\\\/cybersecurity\\\/\",\"url\":\"https:\\\/\\\/www.consileon.de\\\/en\\\/cybersecurity\\\/\",\"name\":\"Cybersecurity Strategy and Consulting\",\"isPartOf\":{\"@id\":\"https:\\\/\\\/www.consileon.de\\\/#website\"},\"primaryImageOfPage\":{\"@id\":\"https:\\\/\\\/www.consileon.de\\\/en\\\/cybersecurity\\\/#primaryimage\"},\"image\":{\"@id\":\"https:\\\/\\\/www.consileon.de\\\/en\\\/cybersecurity\\\/#primaryimage\"},\"thumbnailUrl\":\"https:\\\/\\\/www.consileon.de\\\/wp-content\\\/uploads\\\/2025\\\/06\\\/Consileon-Cybersecurity.png\",\"datePublished\":\"2019-10-31T09:27:59+00:00\",\"dateModified\":\"2026-02-18T11:28:37+00:00\",\"description\":\"Cybersecurity is business-critical. Consileon provides holistic IT security consulting, protects your data, and supports you from the initial analysis through to potential certification \u2013 on technical, organizational, and human levels.\",\"breadcrumb\":{\"@id\":\"https:\\\/\\\/www.consileon.de\\\/en\\\/cybersecurity\\\/#breadcrumb\"},\"inLanguage\":\"en-US\",\"potentialAction\":[{\"@type\":\"ReadAction\",\"target\":[\"https:\\\/\\\/www.consileon.de\\\/en\\\/cybersecurity\\\/\"]}]},{\"@type\":\"ImageObject\",\"inLanguage\":\"en-US\",\"@id\":\"https:\\\/\\\/www.consileon.de\\\/en\\\/cybersecurity\\\/#primaryimage\",\"url\":\"https:\\\/\\\/www.consileon.de\\\/wp-content\\\/uploads\\\/2025\\\/06\\\/Consileon-Cybersecurity.png\",\"contentUrl\":\"https:\\\/\\\/www.consileon.de\\\/wp-content\\\/uploads\\\/2025\\\/06\\\/Consileon-Cybersecurity.png\",\"width\":1460,\"height\":600,\"caption\":\"H\u00e4nde arbeiten am Laptop mit Verschl\u00fcsselungssymbolen im Vordergrund, symbolisch f\u00fcr Cybersecurity\"},{\"@type\":\"BreadcrumbList\",\"@id\":\"https:\\\/\\\/www.consileon.de\\\/en\\\/cybersecurity\\\/#breadcrumb\",\"itemListElement\":[{\"@type\":\"ListItem\",\"position\":1,\"name\":\"Startseite\",\"item\":\"https:\\\/\\\/www.consileon.de\\\/en\\\/\"},{\"@type\":\"ListItem\",\"position\":2,\"name\":\"Cybersecurity\"}]},{\"@type\":\"WebSite\",\"@id\":\"https:\\\/\\\/www.consileon.de\\\/#website\",\"url\":\"https:\\\/\\\/www.consileon.de\\\/\",\"name\":\"Consileon Business Consultancy GmbH | Management- und IT-Beratung\",\"description\":\"Consileon ist eine Management- und IT-Beratung, die mit rund 450 Mitarbeitern Unternehmen aller Branchen, von lokalen Organisationen bis DAX-Konzernen, ber\u00e4t.\",\"potentialAction\":[{\"@type\":\"SearchAction\",\"target\":{\"@type\":\"EntryPoint\",\"urlTemplate\":\"https:\\\/\\\/www.consileon.de\\\/?s={search_term_string}\"},\"query-input\":{\"@type\":\"PropertyValueSpecification\",\"valueRequired\":true,\"valueName\":\"search_term_string\"}}],\"inLanguage\":\"en-US\"}]}<\/script>\n<!-- \/ Yoast SEO Premium plugin. -->","yoast_head_json":{"title":"Cybersecurity Strategy and Consulting","description":"Cybersecurity is business-critical. Consileon provides holistic IT security consulting, protects your data, and supports you from the initial analysis through to potential certification \u2013 on technical, organizational, and human levels.","robots":{"index":"index","follow":"follow","max-snippet":"max-snippet:-1","max-image-preview":"max-image-preview:large","max-video-preview":"max-video-preview:-1"},"canonical":"https:\/\/www.consileon.de\/en\/cybersecurity\/","og_locale":"en_US","og_type":"article","og_title":"Cybersecurity","og_description":"Cybersecurity is business-critical. Consileon provides holistic IT security consulting, protects your data, and supports you from the initial analysis through to potential certification \u2013 on technical, organizational, and human levels.","og_url":"https:\/\/www.consileon.de\/en\/cybersecurity\/","og_site_name":"Consileon Business Consultancy GmbH | Management- und IT-Beratung","article_modified_time":"2026-02-18T11:28:37+00:00","og_image":[{"width":1460,"height":600,"url":"https:\/\/www.consileon.de\/wp-content\/uploads\/2025\/06\/Consileon-Cybersecurity.png","type":"image\/png"}],"twitter_card":"summary_large_image","twitter_misc":{"Est. reading time":"18 minutes"},"schema":{"@context":"https:\/\/schema.org","@graph":[{"@type":"WebPage","@id":"https:\/\/www.consileon.de\/en\/cybersecurity\/","url":"https:\/\/www.consileon.de\/en\/cybersecurity\/","name":"Cybersecurity Strategy and Consulting","isPartOf":{"@id":"https:\/\/www.consileon.de\/#website"},"primaryImageOfPage":{"@id":"https:\/\/www.consileon.de\/en\/cybersecurity\/#primaryimage"},"image":{"@id":"https:\/\/www.consileon.de\/en\/cybersecurity\/#primaryimage"},"thumbnailUrl":"https:\/\/www.consileon.de\/wp-content\/uploads\/2025\/06\/Consileon-Cybersecurity.png","datePublished":"2019-10-31T09:27:59+00:00","dateModified":"2026-02-18T11:28:37+00:00","description":"Cybersecurity is business-critical. Consileon provides holistic IT security consulting, protects your data, and supports you from the initial analysis through to potential certification \u2013 on technical, organizational, and human levels.","breadcrumb":{"@id":"https:\/\/www.consileon.de\/en\/cybersecurity\/#breadcrumb"},"inLanguage":"en-US","potentialAction":[{"@type":"ReadAction","target":["https:\/\/www.consileon.de\/en\/cybersecurity\/"]}]},{"@type":"ImageObject","inLanguage":"en-US","@id":"https:\/\/www.consileon.de\/en\/cybersecurity\/#primaryimage","url":"https:\/\/www.consileon.de\/wp-content\/uploads\/2025\/06\/Consileon-Cybersecurity.png","contentUrl":"https:\/\/www.consileon.de\/wp-content\/uploads\/2025\/06\/Consileon-Cybersecurity.png","width":1460,"height":600,"caption":"H\u00e4nde arbeiten am Laptop mit Verschl\u00fcsselungssymbolen im Vordergrund, symbolisch f\u00fcr Cybersecurity"},{"@type":"BreadcrumbList","@id":"https:\/\/www.consileon.de\/en\/cybersecurity\/#breadcrumb","itemListElement":[{"@type":"ListItem","position":1,"name":"Startseite","item":"https:\/\/www.consileon.de\/en\/"},{"@type":"ListItem","position":2,"name":"Cybersecurity"}]},{"@type":"WebSite","@id":"https:\/\/www.consileon.de\/#website","url":"https:\/\/www.consileon.de\/","name":"Consileon Business Consultancy GmbH | Management- und IT-Beratung","description":"Consileon ist eine Management- und IT-Beratung, die mit rund 450 Mitarbeitern Unternehmen aller Branchen, von lokalen Organisationen bis DAX-Konzernen, ber\u00e4t.","potentialAction":[{"@type":"SearchAction","target":{"@type":"EntryPoint","urlTemplate":"https:\/\/www.consileon.de\/?s={search_term_string}"},"query-input":{"@type":"PropertyValueSpecification","valueRequired":true,"valueName":"search_term_string"}}],"inLanguage":"en-US"}]}},"_links":{"self":[{"href":"https:\/\/www.consileon.de\/en\/wp-json\/wp\/v2\/pages\/34236","targetHints":{"allow":["GET"]}}],"collection":[{"href":"https:\/\/www.consileon.de\/en\/wp-json\/wp\/v2\/pages"}],"about":[{"href":"https:\/\/www.consileon.de\/en\/wp-json\/wp\/v2\/types\/page"}],"author":[{"embeddable":true,"href":"https:\/\/www.consileon.de\/en\/wp-json\/wp\/v2\/users\/3"}],"replies":[{"embeddable":true,"href":"https:\/\/www.consileon.de\/en\/wp-json\/wp\/v2\/comments?post=34236"}],"version-history":[{"count":72,"href":"https:\/\/www.consileon.de\/en\/wp-json\/wp\/v2\/pages\/34236\/revisions"}],"predecessor-version":[{"id":94968,"href":"https:\/\/www.consileon.de\/en\/wp-json\/wp\/v2\/pages\/34236\/revisions\/94968"}],"wp:featuredmedia":[{"embeddable":true,"href":"https:\/\/www.consileon.de\/en\/wp-json\/wp\/v2\/media\/87426"}],"wp:attachment":[{"href":"https:\/\/www.consileon.de\/en\/wp-json\/wp\/v2\/media?parent=34236"}],"curies":[{"name":"wp","href":"https:\/\/api.w.org\/{rel}","templated":true}]}}